{"id":260,"date":"2023-04-04T07:39:23","date_gmt":"2023-04-04T05:39:23","guid":{"rendered":"https:\/\/www.eurodata-retailsolutions.com\/?page_id=260"},"modified":"2024-12-20T11:16:17","modified_gmt":"2024-12-20T10:16:17","slug":"mentions-legales","status":"publish","type":"page","link":"https:\/\/www.eurodata-retailsolutions.com\/fr\/mentions-legales\/","title":{"rendered":"Site notice"},"content":{"rendered":"<section class=\"l-section wpb_row us_custom_df1608c8 has_text_color height_medium\"><div class=\"l-section-h i-cf\"><div class=\"g-cols vc_row via_flex valign_top type_default stacking_default\"><div class=\"vc_col-sm-12 wpb_column vc_column_container\"><div class=\"vc_column-inner\"><div class=\"wpb_wrapper\"><div class=\"wpb_text_column\"><div class=\"wpb_wrapper\"><div class=\"panel-pane pane-node \">\n<div class=\"pane-content\">\n<div class=\"contentbox page-title-box \">\n<div id=\"Mentionsl\u00e9gales\" class=\"col-1 box contentbox-item \">\n<div class=\"contentbox-content\">\n<h1 class=\"pane-title\">Mentions l\u00e9gales<\/h1>\n<\/div>\n<\/div>\n<\/div>\n<\/div>\n<\/div>\n<\/div><\/div><\/div><\/div><\/div><\/div><\/div><\/section><section class=\"l-section wpb_row height_medium\"><div class=\"l-section-h i-cf\"><div class=\"g-cols vc_row via_flex valign_top type_default stacking_default\"><div class=\"vc_col-sm-12 wpb_column vc_column_container\"><div class=\"vc_column-inner\"><div class=\"wpb_wrapper\"><div class=\"wpb_text_column\"><div class=\"wpb_wrapper\"><div class=\" description \">\n<p><b>eurodata SAS<br \/>\n<\/b>Z.I. Carrefour de l\u2019Europe BP 30180<br \/>\nRue Victor Grignard<br \/>\nF-57603 Forbach Cedex<\/p>\n<p>T\u00e9l. : +33 387 852 534<br \/>\nFax : +33 387 850 013<\/p>\n<p>E-mail : info@eurodata-retailsolutions.com<\/p>\n<p>S.A.S au capital de 1.280.000 \u20ac<br \/>\nR.C. Sarreguemines (66H.17) 656 680 170<\/p>\n<p>Direction g\u00e9n\u00e9rale :<\/p>\n<p>Eric Zins<\/p>\n<p>Joop Hoestra<\/p>\n<div><\/div>\n<div>\n<p><a href=\"http:\/\/eurodata.infos.de\/en\/terms-and-conditions\" target=\"_blank\" rel=\"noopener\"><b>Conditions g\u00e9n\u00e9rales de vente<\/b><\/a><\/p>\n<\/div>\n<div><\/div>\n<p><b>Conception et h\u00e9bergement du site<\/b><\/p>\n<p>eurodata AG<br \/>\nGro\u00dfblittersdorfer Str. 257-259<br \/>\n66119 Saarbr\u00fccken<br \/>\nPhone: +49 681 88 08 \u2013 0<br \/>\nFax: +49 681 88 08 \u2013 300<\/p>\n<p>Responsable de la r\u00e9daction au sens de l\u2019article 55 de la Loi allemande sur la presse RStV:<br \/>\nMarkus Metz<br \/>\nGrossblittersdorfer Str. 257-259<br \/>\n66119 Saarbr\u00fccken<br \/>\nAllemagne<\/p>\n<p>&nbsp;<\/p>\n<p><b>Cr\u00e9dits images<\/b><\/p>\n<p>Les images suivantes ont \u00e9t\u00e9 utilis\u00e9es sur ce site Internet:<\/p>\n<p>\u00a9 sdecoret \/ Fotolia.com<br \/>\n\u00a9 lovelyday12 \/ Fotolia.com<br \/>\n\u00a9 Karin &amp; Uwe Annas \/ Adobe Stock<br \/>\n\u00a9 Olivier Le Moal \/ Fotolia.com<br \/>\n\u00a9 pic4you \/ iStock.com<br \/>\n\u00a9 Thaut-Images \/ Adobe Stock<br \/>\n\u00a9 oatawa \/ Adobe Stock<\/p>\n<p><b><br \/>\nLes pr\u00e9sentes Mentions l\u00e9gales sont \u00e9galement valables pour les profils suivants sur les r\u00e9seaux sociaux\u00a0:<\/b><\/p>\n<p>Facebook :\u00a0<a href=\"https:\/\/www.facebook.com\/eurodata.de\" target=\"_blank\" rel=\"noopener\">www.facebook.com\/eurodata.de<\/a><br \/>\nYoutube :\u00a0<a href=\"https:\/\/www.youtube.com\/user\/eurodataITSolutions\" target=\"_blank\" rel=\"noopener\">www.youtube.com\/user\/eurodataITSolutions<\/a><\/p>\n<p>LinkedIn:\u00a0<a title=\"LinkedIn eurodata\" href=\"https:\/\/de.linkedin.com\/company\/eurodata-ag\" target=\"_blank\" rel=\"noopener\">https:\/\/de.linkedin.com\/company\/eurodata-ag<\/a><br \/>\nXing:\u00a0<a title=\"Xing eurodata\" href=\"http:\/\/www.xing.com\/pages\/eurodataag\" target=\"_blank\" rel=\"noopener\">www.xing.com\/pages\/eurodataag<\/a><\/p>\n<\/div>\n<\/div><\/div><\/div><\/div><\/div><\/div><\/div><\/section>\n","protected":false},"excerpt":{"rendered":"Mentions l\u00e9gales eurodata SAS Z.I. Carrefour de l\u2019Europe BP 30180 Rue Victor Grignard F-57603 Forbach Cedex T\u00e9l. : +33 387 852 534 Fax : +33 387 850 013 E-mail : info@eurodata-retailsolutions.com S.A.S au capital de 1.280.000 \u20ac R.C. Sarreguemines (66H.17) 656 680 170 Direction g\u00e9n\u00e9rale : Eric Zins Joop Hoestra Conditions g\u00e9n\u00e9rales de vente Conception...","protected":false},"author":5,"featured_media":0,"parent":0,"menu_order":0,"comment_status":"closed","ping_status":"closed","template":"","meta":{"footnotes":""},"class_list":["post-260","page","type-page","status-publish","hentry"],"_links":{"self":[{"href":"https:\/\/www.eurodata-retailsolutions.com\/fr\/wp-json\/wp\/v2\/pages\/260","targetHints":{"allow":["GET"]}}],"collection":[{"href":"https:\/\/www.eurodata-retailsolutions.com\/fr\/wp-json\/wp\/v2\/pages"}],"about":[{"href":"https:\/\/www.eurodata-retailsolutions.com\/fr\/wp-json\/wp\/v2\/types\/page"}],"author":[{"embeddable":true,"href":"https:\/\/www.eurodata-retailsolutions.com\/fr\/wp-json\/wp\/v2\/users\/5"}],"replies":[{"embeddable":true,"href":"https:\/\/www.eurodata-retailsolutions.com\/fr\/wp-json\/wp\/v2\/comments?post=260"}],"version-history":[{"count":1,"href":"https:\/\/www.eurodata-retailsolutions.com\/fr\/wp-json\/wp\/v2\/pages\/260\/revisions"}],"predecessor-version":[{"id":1271,"href":"https:\/\/www.eurodata-retailsolutions.com\/fr\/wp-json\/wp\/v2\/pages\/260\/revisions\/1271"}],"wp:attachment":[{"href":"https:\/\/www.eurodata-retailsolutions.com\/fr\/wp-json\/wp\/v2\/media?parent=260"}],"curies":[{"name":"wp","href":"https:\/\/api.w.org\/{rel}","templated":true}]}}