{"id":238,"date":"2023-04-04T14:17:02","date_gmt":"2023-04-04T12:17:02","guid":{"rendered":"https:\/\/www.eurodata-retailsolutions.com\/?page_id=238"},"modified":"2023-05-30T13:49:45","modified_gmt":"2023-05-30T11:49:45","slug":"contactez-nous","status":"publish","type":"page","link":"https:\/\/www.eurodata-retailsolutions.com\/fr\/contactez-nous\/","title":{"rendered":"Contactez-nous"},"content":{"rendered":"<section class=\"l-section wpb_row us_custom_332801cf has_text_color height_medium\"><div class=\"l-section-h i-cf\"><div class=\"g-cols vc_row via_flex valign_top type_default stacking_default\"><div class=\"vc_col-sm-8 wpb_column vc_column_container\"><div class=\"vc_column-inner\"><div class=\"wpb_wrapper\"><div class=\"wpb_text_column\"><div class=\"wpb_wrapper\"><h1 class=\"pane-title\">Contactez-nous<\/h1>\n<p>Vous avez besoin de plus amples informations sur nos solutions, veuillez contacter par email ou par t\u00e9l\u00e9phone, Eurodata France, notre centre de comp\u00e9tence pour notre suite internationale pour les g\u00e9rants de stations-service et si\u00e8ge de la compagnie d\u2019\u00e9nergie, edrms. Nous avons h\u00e2te d&#8217;avoir de vos nouvelles!<\/p>\n<\/div><\/div><\/div><\/div><\/div><div class=\"vc_col-sm-4 wpb_column vc_column_container\"><div class=\"vc_column-inner\"><div class=\"wpb_wrapper\"><\/div><\/div><\/div><\/div><\/div><\/section><section class=\"l-section wpb_row us_custom_05fba4b2 edSupportForm edList height_medium\"><div class=\"l-section-h i-cf\"><div class=\"g-cols vc_row via_flex valign_top type_default stacking_default\"><div class=\"vc_col-sm-8 wpb_column vc_column_container\"><div class=\"vc_column-inner\"><div class=\"wpb_wrapper\"><div class=\"wpb_text_column\"><div class=\"wpb_wrapper\"><h2>Contact form<\/h2>\n<\/div><\/div>\n<div class=\"wpcf7 no-js\" id=\"wpcf7-f312-o1\" lang=\"en-US\" dir=\"ltr\" data-wpcf7-id=\"312\">\n<div class=\"screen-reader-response\"><p role=\"status\" aria-live=\"polite\" aria-atomic=\"true\"><\/p> <ul><\/ul><\/div>\n<form action=\"\/fr\/wp-json\/wp\/v2\/pages\/238#wpcf7-f312-o1\" method=\"post\" class=\"wpcf7-form init\" aria-label=\"Contact form\" novalidate=\"novalidate\" data-status=\"init\">\n<fieldset class=\"hidden-fields-container\"><input type=\"hidden\" name=\"_wpcf7\" value=\"312\" \/><input type=\"hidden\" name=\"_wpcf7_version\" value=\"6.1.5\" \/><input type=\"hidden\" name=\"_wpcf7_locale\" value=\"en_US\" \/><input type=\"hidden\" name=\"_wpcf7_unit_tag\" value=\"wpcf7-f312-o1\" \/><input type=\"hidden\" name=\"_wpcf7_container_post\" value=\"0\" \/><input type=\"hidden\" name=\"_wpcf7_posted_data_hash\" value=\"\" \/>\n<\/fieldset>\n<p><span class=\"wpcf7-form-control-wrap\" data-name=\"us_form_1_text_2\"><input size=\"40\" maxlength=\"400\" class=\"wpcf7-form-control wpcf7-text edFormInputHonig\" aria-invalid=\"false\" value=\"\" type=\"text\" name=\"us_form_1_text_2\" \/><\/span>\n<\/p>\n<p><label> Entreprise<br \/>\n<span class=\"wpcf7-form-control-wrap\" data-name=\"your-firm\"><input size=\"40\" maxlength=\"400\" class=\"wpcf7-form-control wpcf7-text\" aria-invalid=\"false\" value=\"\" type=\"text\" name=\"your-firm\" \/><\/span> <\/label>\n<\/p>\n<p><label> Nom*<br \/>\n<span class=\"wpcf7-form-control-wrap\" data-name=\"your-name\"><input size=\"40\" maxlength=\"400\" class=\"wpcf7-form-control wpcf7-text wpcf7-validates-as-required\" aria-required=\"true\" aria-invalid=\"false\" value=\"\" type=\"text\" name=\"your-name\" \/><\/span> <\/label>\n<\/p>\n<p><label> E-mail*<br \/>\n<span class=\"wpcf7-form-control-wrap\" data-name=\"your-email\"><input size=\"40\" maxlength=\"400\" class=\"wpcf7-form-control wpcf7-email wpcf7-validates-as-required wpcf7-text wpcf7-validates-as-email\" aria-required=\"true\" aria-invalid=\"false\" value=\"\" type=\"email\" name=\"your-email\" \/><\/span> <\/label>\n<\/p>\n<p><label> Num\u00e9ro de t\u00e9l\u00e9phone pour la consultation<br \/>\n<span class=\"wpcf7-form-control-wrap\" data-name=\"your-tel\"><input size=\"40\" maxlength=\"400\" class=\"wpcf7-form-control wpcf7-tel wpcf7-text wpcf7-validates-as-tel\" aria-invalid=\"false\" value=\"\" type=\"tel\" name=\"your-tel\" \/><\/span> <\/label>\n<\/p>\n<p><label> Sujet (optionnel)<br \/>\n<span class=\"wpcf7-form-control-wrap\" data-name=\"your-subject\"><input size=\"40\" maxlength=\"400\" class=\"wpcf7-form-control wpcf7-text\" aria-invalid=\"false\" value=\"\" type=\"text\" name=\"your-subject\" \/><\/span> <\/label>\n<\/p>\n<p><span class=\"wpcf7-form-control-wrap\" data-name=\"checkboxenProdukt\"><span class=\"wpcf7-form-control wpcf7-checkbox\"><span class=\"wpcf7-list-item first\"><label><input type=\"checkbox\" name=\"checkboxenProdukt[]\" value=\"Demande de produit\" \/><span class=\"wpcf7-list-item-label\">Demande de produit<\/span><\/label><\/span><span class=\"wpcf7-list-item\"><label><input type=\"checkbox\" name=\"checkboxenProdukt[]\" value=\"Demande de rappel\" \/><span class=\"wpcf7-list-item-label\">Demande de rappel<\/span><\/label><\/span><span class=\"wpcf7-list-item\"><label><input type=\"checkbox\" name=\"checkboxenProdukt[]\" value=\"Demande de rendez-vous\" \/><span class=\"wpcf7-list-item-label\">Demande de rendez-vous<\/span><\/label><\/span><span class=\"wpcf7-list-item last\"><label><input type=\"checkbox\" name=\"checkboxenProdukt[]\" value=\"Autres\" \/><span class=\"wpcf7-list-item-label\">Autres<\/span><\/label><\/span><\/span><\/span>\n<\/p>\n<p><label> Message*<br \/>\n<span class=\"wpcf7-form-control-wrap\" data-name=\"your-message\"><textarea cols=\"40\" rows=\"10\" maxlength=\"2000\" class=\"wpcf7-form-control wpcf7-textarea wpcf7-validates-as-required\" aria-required=\"true\" aria-invalid=\"false\" name=\"your-message\"><\/textarea><\/span> <\/label>\n<\/p>\n<p><span class=\"wpcf7-form-control-wrap\" data-name=\"checkbox-consent\"><span class=\"wpcf7-form-control wpcf7-checkbox wpcf7-validates-as-required\"><span class=\"wpcf7-list-item first last\"><label><input type=\"checkbox\" name=\"checkbox-consent[]\" value=\"J&#039;accepte que mes donn\u00e9es soient stock\u00e9es. eurodata s&#039;engage \u00e0 stocker et \u00e0 traiter vos donn\u00e9es conform\u00e9ment aux lois allemandes sur la protection des donn\u00e9es.*\" \/><span class=\"wpcf7-list-item-label\">J&#039;accepte que mes donn\u00e9es soient stock\u00e9es. eurodata s&#039;engage \u00e0 stocker et \u00e0 traiter vos donn\u00e9es conform\u00e9ment aux lois allemandes sur la protection des donn\u00e9es.*<\/span><\/label><\/span><\/span><\/span><br \/>\n<span class=\"wpcf7-form-control-wrap\" data-name=\"checkbox-werbung\"><span class=\"wpcf7-form-control wpcf7-checkbox\"><span class=\"wpcf7-list-item first last\"><label><input type=\"checkbox\" name=\"checkbox-werbung[]\" value=\"Oui, je souhaite \u00eatre inform\u00e9 par e-mail sur les th\u00e8mes d&#039;eurodata.**\" \/><span class=\"wpcf7-list-item-label\">Oui, je souhaite \u00eatre inform\u00e9 par e-mail sur les th\u00e8mes d&#039;eurodata.**<\/span><\/label><\/span><\/span><\/span>\n<\/p>\n<p><label>R\u00e9solvez ce probl\u00e8me pour prouver que vous n'\u00eates pas un robot:<br \/>\n<span class=\"wpcf7-form-control-wrap\" data-name=\"quiz-807\"><label><span class=\"wpcf7-quiz-label\">15 - 10 =<\/span> <input size=\"40\" class=\"wpcf7-form-control wpcf7-quiz edInfoPopup\" autocomplete=\"off\" aria-required=\"true\" aria-invalid=\"false\" type=\"text\" name=\"quiz-807\" \/><\/label><input type=\"hidden\" name=\"_wpcf7_quiz_answer_quiz-807\" value=\"d4d4f1198dadcb6efed6f65f6c1462b9\" \/><\/span><\/label>\n<\/p>\n<p><input class=\"wpcf7-form-control wpcf7-submit has-spinner\" type=\"submit\" value=\"Envoyer\" \/>\n<\/p>\n<p>* Champ obligatoire<br \/>\n** Vous pouvez interrompre l'envoi de nos courriels d'information \u00e0 tout moment, sans avoir \u00e0 en indiquer la raison. Pour plus d'informations sur le traitement de vos donn\u00e9es personnelles, consultez nos avis sur la <a href=\"\/fr\/protection-des-donnees\/\" target=\"_blank\">protection des donn\u00e9es<\/a>. Votre adresse \u00e9lectronique ne sera pas utilis\u00e9e \u00e0 d'autres fins que celles li\u00e9es \u00e0 votre demande.\n<\/p><div class=\"wpcf7-response-output\" aria-hidden=\"true\"><\/div>\n<\/form>\n<\/div>\n<\/div><\/div><\/div><div class=\"vc_col-sm-4 wpb_column vc_column_container\"><div class=\"vc_column-inner\"><div class=\"wpb_wrapper\"><\/div><\/div><\/div><\/div><\/div><\/section>\n","protected":false},"excerpt":{"rendered":"Contactez-nous Vous avez besoin de plus amples informations sur nos solutions, veuillez contacter par email ou par t\u00e9l\u00e9phone, Eurodata France, notre centre de comp\u00e9tence pour notre suite internationale pour les g\u00e9rants de stations-service et si\u00e8ge de la compagnie d\u2019\u00e9nergie, edrms. Nous avons h\u00e2te d&#8217;avoir de vos nouvelles! Contact form Entreprise Nom* E-mail* Num\u00e9ro de t\u00e9l\u00e9phone...","protected":false},"author":5,"featured_media":0,"parent":0,"menu_order":0,"comment_status":"closed","ping_status":"closed","template":"","meta":{"footnotes":""},"class_list":["post-238","page","type-page","status-publish","hentry"],"_links":{"self":[{"href":"https:\/\/www.eurodata-retailsolutions.com\/fr\/wp-json\/wp\/v2\/pages\/238","targetHints":{"allow":["GET"]}}],"collection":[{"href":"https:\/\/www.eurodata-retailsolutions.com\/fr\/wp-json\/wp\/v2\/pages"}],"about":[{"href":"https:\/\/www.eurodata-retailsolutions.com\/fr\/wp-json\/wp\/v2\/types\/page"}],"author":[{"embeddable":true,"href":"https:\/\/www.eurodata-retailsolutions.com\/fr\/wp-json\/wp\/v2\/users\/5"}],"replies":[{"embeddable":true,"href":"https:\/\/www.eurodata-retailsolutions.com\/fr\/wp-json\/wp\/v2\/comments?post=238"}],"version-history":[{"count":0,"href":"https:\/\/www.eurodata-retailsolutions.com\/fr\/wp-json\/wp\/v2\/pages\/238\/revisions"}],"wp:attachment":[{"href":"https:\/\/www.eurodata-retailsolutions.com\/fr\/wp-json\/wp\/v2\/media?parent=238"}],"curies":[{"name":"wp","href":"https:\/\/api.w.org\/{rel}","templated":true}]}}