{"id":234,"date":"2023-04-04T11:40:08","date_gmt":"2023-04-04T09:40:08","guid":{"rendered":"https:\/\/www.eurodata-retailsolutions.com\/?page_id=234"},"modified":"2023-08-28T15:29:10","modified_gmt":"2023-08-28T13:29:10","slug":"a-propos-de-nous","status":"publish","type":"page","link":"https:\/\/www.eurodata-retailsolutions.com\/fr\/a-propos-de-nous\/","title":{"rendered":"\u00c0 propos de nous"},"content":{"rendered":"<section class=\"l-section wpb_row us_custom_c8352e3f has_text_color height_medium\"><div class=\"l-section-h i-cf\"><div class=\"g-cols vc_row via_flex valign_top type_default stacking_default\"><div class=\"vc_col-sm-10 wpb_column vc_column_container\"><div class=\"vc_column-inner\"><div class=\"wpb_wrapper\"><div class=\"wpb_text_column us_custom_6df4bc3a has_text_color\"><div class=\"wpb_wrapper\"><div id=\"&lt;encoded_tag_open \/&gt;strong&lt;encoded_tag_closed \/&gt;eurodata&lt;encoded_tag_open \/&gt;\/strong&lt;encoded_tag_closed \/&gt;\u00d6sterreich\u2013IhrSpezialistf\u00fcrControlling-undReportingl\u00f6sungen\" class=\"col-1 box contentbox-item \">\n<div class=\"contentbox-content\">\n<div id=\"Eurodataandedrms\" class=\"col-1 box contentbox-item \">\n<div class=\"contentbox-content\">\n<h1 class=\"pane-title\"><strong>eurodata<\/strong>\u00a0et edrms<\/h1>\n<\/div>\n<\/div>\n<\/div>\n<\/div>\n<\/div><\/div><\/div><\/div><\/div><div class=\"vc_col-sm-2 wpb_column vc_column_container\"><div class=\"vc_column-inner\"><div class=\"wpb_wrapper\"><\/div><\/div><\/div><\/div><\/div><\/section><section class=\"l-section wpb_row us_custom_4fb9e5a3 height_medium\"><div class=\"l-section-h i-cf\"><div class=\"g-cols vc_row via_flex valign_top type_default stacking_default\"><div class=\"vc_col-sm-9 wpb_column vc_column_container\"><div class=\"vc_column-inner\"><div class=\"wpb_wrapper\"><div class=\"wpb_text_column\"><div class=\"wpb_wrapper\"><div id=\"&lt;strong&gt;eurodata&lt;\/strong&gt;\u00d6sterreich\u2013IhrSpezialistf\u00fcrControlling-undReportingl\u00f6sungen\" class=\"col-1 box contentbox-item \">\n<div class=\"contentbox-content\">\n<h1 class=\"pane-title\">Nous r\u00e9pondons pleinement aux besoins des organisations professionnelles du commerce de d\u00e9tail<\/h1>\n<\/div>\n<\/div>\n<\/div><\/div><div class=\"wpb_text_column\"><div class=\"wpb_wrapper\"><p><strong>E<\/strong><strong>urodata<\/strong>\u00a0a con\u00e7u sa suite logicielle,\u00a0<strong>edrms<\/strong>\u00a0pour r\u00e9pondre pleinement aux besoins commerciaux des organisations professionnelles de vente au d\u00e9tail, de sites individuels jusqu\u2019aux r\u00e9seaux internationaux de points de vente.\u00a0<strong>edrms<\/strong>\u00a0est une puissante suite logicielle de gestion de vente au d\u00e9tail con\u00e7ue et d\u00e9velopp\u00e9e pour les professionnels au niveau des boutiques et du si\u00e8ge, du point d\u2019encaissement via le back-office vers le si\u00e8ge, prenant en charge les modes de gestion centralis\u00e9s et d\u00e9centralis\u00e9s, y compris les franchis\u00e9s. Dans le cas d\u2019exploitations indirectes, la solution tient compte de l\u2019ind\u00e9pendance juridique et financi\u00e8re indispensable entre l\u2019organisation et ses points de vente.<\/p>\n<\/div><\/div><\/div><\/div><\/div><div class=\"vc_col-sm-3 wpb_column vc_column_container\"><div class=\"vc_column-inner\"><div class=\"wpb_wrapper\"><\/div><\/div><\/div><\/div><\/div><\/section><section class=\"l-section wpb_row height_medium\"><div class=\"l-section-h i-cf\"><div class=\"g-cols vc_row via_flex valign_top type_default stacking_default\"><div class=\"vc_col-sm-12 wpb_column vc_column_container\"><div class=\"vc_column-inner\"><div class=\"wpb_wrapper\"><div class=\"w-image align_center\"><div class=\"w-image-h\"><img decoding=\"async\" width=\"1240\" height=\"490\" src=\"https:\/\/www.eurodata-retailsolutions.com\/wp-content\/uploads\/sites\/9\/2023\/04\/eurodata-france-austria-gebaeude.jpg\" class=\"attachment-full size-full\" alt=\"\" loading=\"lazy\" srcset=\"https:\/\/www.eurodata-retailsolutions.com\/wp-content\/uploads\/sites\/9\/2023\/04\/eurodata-france-austria-gebaeude.jpg 1240w, https:\/\/www.eurodata-retailsolutions.com\/wp-content\/uploads\/sites\/9\/2023\/04\/eurodata-france-austria-gebaeude-300x119.jpg 300w, https:\/\/www.eurodata-retailsolutions.com\/wp-content\/uploads\/sites\/9\/2023\/04\/eurodata-france-austria-gebaeude-1024x405.jpg 1024w, https:\/\/www.eurodata-retailsolutions.com\/wp-content\/uploads\/sites\/9\/2023\/04\/eurodata-france-austria-gebaeude-24x9.jpg 24w, https:\/\/www.eurodata-retailsolutions.com\/wp-content\/uploads\/sites\/9\/2023\/04\/eurodata-france-austria-gebaeude-36x14.jpg 36w, https:\/\/www.eurodata-retailsolutions.com\/wp-content\/uploads\/sites\/9\/2023\/04\/eurodata-france-austria-gebaeude-48x19.jpg 48w\" sizes=\"auto, (max-width: 1240px) 100vw, 1240px\" \/><\/div><\/div><\/div><\/div><\/div><\/div><\/div><\/section><section class=\"l-section wpb_row us_custom_b0b3d3cd height_medium with_shape\"><div class=\"l-section-shape type_tilt pos_top hor_flip\" style=\"height:5vh;color:var(--color-header-middle-bg)\"><svg xmlns=\"http:\/\/www.w3.org\/2000\/svg\" viewBox=\"0 0 64 8\" preserveAspectRatio=\"none\" width=\"100%\" height=\"100%\">\r\n\t<path fill=\"currentColor\" d=\"M64 7.9 L64 10 L0 10 L0 0 Z\"\/>\r\n<\/svg><\/div><div class=\"l-section-h i-cf\"><div class=\"g-cols vc_row via_flex valign_top type_default stacking_default\"><div class=\"vc_col-sm-6 wpb_column vc_column_container\"><div class=\"vc_column-inner\"><div class=\"wpb_wrapper\"><div class=\"wpb_text_column\"><div class=\"wpb_wrapper\"><h2 class=\"title \"><b>Eurodata<\/b> AG est certifi\u00e9e en Allemagne conform\u00e9ment \u00e0<\/h2>\n<\/div><\/div><div class=\"w-image align_none\"><a target=\"_blank\" href=\"https:\/\/www.eurodata-retailsolutions.com\/wp-content\/uploads\/2022\/10\/eurodata-ISO-Zertifikate_Webseite_dt.pdf\" aria-label=\"ISO-Grafik_web_27001_9001_22301-256x128px\" class=\"w-image-h\"><img decoding=\"async\" width=\"256\" height=\"128\" src=\"https:\/\/www.eurodata-retailsolutions.com\/wp-content\/uploads\/sites\/9\/2023\/07\/ISO-Grafik_web_27001_9001_22301-256x128px.jpg\" class=\"attachment-large size-large\" alt=\"\" loading=\"lazy\" srcset=\"https:\/\/www.eurodata-retailsolutions.com\/wp-content\/uploads\/sites\/9\/2023\/07\/ISO-Grafik_web_27001_9001_22301-256x128px.jpg 256w, https:\/\/www.eurodata-retailsolutions.com\/wp-content\/uploads\/sites\/9\/2023\/07\/ISO-Grafik_web_27001_9001_22301-256x128px-24x12.jpg 24w, https:\/\/www.eurodata-retailsolutions.com\/wp-content\/uploads\/sites\/9\/2023\/07\/ISO-Grafik_web_27001_9001_22301-256x128px-36x18.jpg 36w, https:\/\/www.eurodata-retailsolutions.com\/wp-content\/uploads\/sites\/9\/2023\/07\/ISO-Grafik_web_27001_9001_22301-256x128px-48x24.jpg 48w\" sizes=\"auto, (max-width: 256px) 100vw, 256px\" \/><\/a><\/div><\/div><\/div><\/div><div class=\"vc_col-sm-6 wpb_column vc_column_container\"><div class=\"vc_column-inner\"><div class=\"wpb_wrapper\"><div class=\"wpb_text_column\"><div class=\"wpb_wrapper\"><h2 class=\"title \">ISO 9001<\/h2>\n<\/div><\/div><div class=\"w-image align_none\"><a target=\"_blank\" href=\"https:\/\/www.eurodata-retailsolutions.com\/wp-content\/uploads\/2022\/10\/eurodata-ISO-Zertifikate_Webseite_dt.pdf\" aria-label=\"ISO 9001_france\" class=\"w-image-h\"><img decoding=\"async\" width=\"280\" height=\"300\" src=\"https:\/\/www.eurodata-retailsolutions.com\/wp-content\/uploads\/sites\/9\/2023\/07\/ISO-9001_france-280x300.png\" class=\"attachment-medium size-medium\" alt=\"\" loading=\"lazy\" srcset=\"https:\/\/www.eurodata-retailsolutions.com\/wp-content\/uploads\/sites\/9\/2023\/07\/ISO-9001_france-280x300.png 280w, https:\/\/www.eurodata-retailsolutions.com\/wp-content\/uploads\/sites\/9\/2023\/07\/ISO-9001_france-956x1024.png 956w, https:\/\/www.eurodata-retailsolutions.com\/wp-content\/uploads\/sites\/9\/2023\/07\/ISO-9001_france-22x24.png 22w, https:\/\/www.eurodata-retailsolutions.com\/wp-content\/uploads\/sites\/9\/2023\/07\/ISO-9001_france-34x36.png 34w, https:\/\/www.eurodata-retailsolutions.com\/wp-content\/uploads\/sites\/9\/2023\/07\/ISO-9001_france-45x48.png 45w, https:\/\/www.eurodata-retailsolutions.com\/wp-content\/uploads\/sites\/9\/2023\/07\/ISO-9001_france.png 992w\" sizes=\"auto, (max-width: 280px) 100vw, 280px\" \/><\/a><\/div><\/div><\/div><\/div><\/div><\/div><\/section><section class=\"l-section wpb_row us_custom_cfd0d040 height_medium\" id=\"edRechenzentrumDe\"><div class=\"l-section-h i-cf\"><div class=\"g-cols vc_row via_flex valign_top type_default stacking_default\"><div class=\"vc_col-sm-6 wpb_column vc_column_container\"><div class=\"vc_column-inner\"><div class=\"wpb_wrapper\"><div class=\"wpb_text_column hide_on_mobiles\"><div class=\"wpb_wrapper\"><h2>Le Centre de donn\u00e9es hautes performances d&#8217;Eurodata &#8211; des services cloud et Web innovants ainsi qu\u2019une infrastructure de s\u00e9curit\u00e9 efficace<\/h2>\n<\/div><\/div><div class=\"wpb_text_column hide_on_default hide_on_laptops hide_on_tablets\"><div class=\"wpb_wrapper\"><h2>Le Centre de donn\u00e9es hautes performances d&#8217;Eurodata &#8211; des services cloud et Web innovants ainsi qu\u2019une infrastructure de s\u00e9curit\u00e9 efficace<\/h2>\n<\/div><\/div><div class=\"w-image align_none\"><div class=\"w-image-h\"><img decoding=\"async\" width=\"1024\" height=\"250\" src=\"https:\/\/www.eurodata-retailsolutions.com\/wp-content\/uploads\/sites\/9\/2023\/07\/Fotolia_151198392_L_Urheber_phonlamaiphoto_1190x290_0-1024x250.jpg\" class=\"attachment-large size-large\" alt=\"\" loading=\"lazy\" srcset=\"https:\/\/www.eurodata-retailsolutions.com\/wp-content\/uploads\/sites\/9\/2023\/07\/Fotolia_151198392_L_Urheber_phonlamaiphoto_1190x290_0-1024x250.jpg 1024w, https:\/\/www.eurodata-retailsolutions.com\/wp-content\/uploads\/sites\/9\/2023\/07\/Fotolia_151198392_L_Urheber_phonlamaiphoto_1190x290_0-300x73.jpg 300w, https:\/\/www.eurodata-retailsolutions.com\/wp-content\/uploads\/sites\/9\/2023\/07\/Fotolia_151198392_L_Urheber_phonlamaiphoto_1190x290_0-24x6.jpg 24w, https:\/\/www.eurodata-retailsolutions.com\/wp-content\/uploads\/sites\/9\/2023\/07\/Fotolia_151198392_L_Urheber_phonlamaiphoto_1190x290_0-36x9.jpg 36w, https:\/\/www.eurodata-retailsolutions.com\/wp-content\/uploads\/sites\/9\/2023\/07\/Fotolia_151198392_L_Urheber_phonlamaiphoto_1190x290_0-48x12.jpg 48w, https:\/\/www.eurodata-retailsolutions.com\/wp-content\/uploads\/sites\/9\/2023\/07\/Fotolia_151198392_L_Urheber_phonlamaiphoto_1190x290_0.jpg 1190w\" sizes=\"auto, (max-width: 1024px) 100vw, 1024px\" \/><\/div><\/div><\/div><\/div><\/div><div class=\"vc_col-sm-6 wpb_column vc_column_container\"><div class=\"vc_column-inner\"><div class=\"wpb_wrapper\"><div class=\"wpb_text_column\"><div class=\"wpb_wrapper\"><p>Dans le centre de calcul d&#8217;<strong>Eurodata<\/strong>, l&#8217;un des centres de donn\u00e9es le plus s\u00fbrs et le plus moderne d&#8217;Allemagne, vos donn\u00e9es sont stock\u00e9es de mani\u00e8re professionnelle. Cela signifie \u00e9galement que vos donn\u00e9es ne sont pas conserv\u00e9es n&#8217;importe o\u00f9 et de mani\u00e8re anonyme, mais \u00e0 proximit\u00e9 et de mani\u00e8re redondante. Les services du centre de donn\u00e9es sont \u00e9volutifs pour r\u00e9pondre aux exigences les plus diverses et s&#8217;adaptent de mani\u00e8re optimale aux diff\u00e9rents profils. En outre, le centre de donn\u00e9es est exploit\u00e9 de mani\u00e8re efficace sur le plan \u00e9nerg\u00e9tique, de sorte que la chaleur r\u00e9siduelle est utilis\u00e9e pour chauffer le b\u00e2timent. Ce comportement respectueux de l&#8217;environnement dans le domaine des techniques de construction innovantes a \u00e9t\u00e9 r\u00e9compens\u00e9 par le &#8220;num\u00e9ro vert de la maison&#8221;. En utilisant les solutions <strong>Eurodata<\/strong> avec la s\u00e9curit\u00e9 d&#8217;un centre de calcul haute performance, vous vous assurez des avantages concurrentiels, vous acc\u00e9l\u00e9rez vos processus, vous gagnez du temps et vous r\u00e9duisez sensiblement vos co\u00fbts.<\/p>\n<\/div><\/div><div class=\"w-btn-wrapper align_none\"><a class=\"w-btn us-btn-style_1\" target=\"_blank\" rel=\"nofollow noopener\" href=\"https:\/\/www.eurodata.de\/en\/data-center\/\"><span class=\"w-btn-label\">En savoir plus<\/span><\/a><\/div><\/div><\/div><\/div><\/div><\/div><\/section><section class=\"l-section wpb_row us_custom_b0b3d3cd height_medium\" id=\"anfahrt\"><div class=\"l-section-h i-cf\"><div class=\"g-cols vc_row via_flex valign_top type_default stacking_default\"><div class=\"vc_col-sm-12 wpb_column vc_column_container\"><div class=\"vc_column-inner\"><div class=\"wpb_wrapper\"><div class=\"wpb_text_column\"><div class=\"wpb_wrapper\"><h2 class=\"title \">Adresse et itin\u00e9raires (pour la France)<\/h2>\n<\/div><\/div><div class=\"g-cols wpb_row via_flex valign_top type_default stacking_default\"><div class=\"vc_col-sm-4 wpb_column vc_column_container\"><div class=\"vc_column-inner\"><div class=\"wpb_wrapper\"><div class=\"wpb_text_column\"><div class=\"wpb_wrapper\"><div class=\" description \">\n<div id=\"map-buttons\">\n<div class=\"description \">\n<div id=\"map-buttons\">\n<p id=\"map-address\"><strong>eurodata<\/strong> SAS<br \/>\nZ.I. Carrefour de L&#8217;Europe BP 30180<br \/>\nRue Victor Grignard<br \/>\nF-57603 FORBACH CEDEX<\/p>\n<p>Telefon +33 387 852 534<br \/>\nTelefax +33 387 850 013<br \/>\n<a href=\"mailto:info@eurodata.fr\" target=\"_blank\" rel=\"noopener\">info@eurodata.fr<\/a><\/p>\n<\/div>\n<\/div>\n<\/div>\n<\/div>\n<\/div><\/div><\/div><\/div><\/div><div class=\"vc_col-sm-4 wpb_column vc_column_container\"><div class=\"vc_column-inner\"><div class=\"wpb_wrapper\"><div class=\"wpb_text_column\"><div class=\"wpb_wrapper\"><div class=\" description \">\n<div id=\"map-buttons\">\n<div class=\"description \">\n<div id=\"map-buttons\">\n<p><strong>eurodata<\/strong> Benelux<br \/>\n29, Route de Kehlen<br \/>\nL-8235 Mamer<br \/>\nTelefon +352 51 51 09<br \/>\nTelefax +352 26 51 36 31<br \/>\n<a href=\"mailto:info@eurodata.fr\" target=\"_blank\" rel=\"noopener\">info@eurodata.fr<\/a><\/p>\n<\/div>\n<\/div>\n<\/div>\n<\/div>\n<\/div><\/div><\/div><\/div><\/div><div class=\"vc_col-sm-4 wpb_column vc_column_container\"><div class=\"vc_column-inner\"><div class=\"wpb_wrapper\"><div class=\"wpb_text_column\"><div class=\"wpb_wrapper\"><div class=\" description \">\n<div id=\"map-buttons\">\n<div class=\"description \">\n<div id=\"map-buttons\">\n<p><strong>eurodata<\/strong> Espa\u00f1a S. L.<br \/>\nCentre d\u00b4Empreses de Noves Technologies<br \/>\nParc Technol\u00f2gic des Vall\u00e9s<br \/>\nE-08290 Cerdanyola-Barcelona<br \/>\nTelefon +34 935 824 592<br \/>\nTelefax +34 935 824 489<br \/>\n<a href=\"mailto:info@eurodata.es\" target=\"_blank\" rel=\"noopener\">info@eurodata.es<\/a><\/p>\n<\/div>\n<\/div>\n<\/div>\n<\/div>\n<\/div><\/div><\/div><\/div><\/div><\/div><div class=\"w-separator size_custom\" style=\"height:2rem\"><\/div><div class=\"wpb_text_column\"><div class=\"wpb_wrapper\"><\/p>\n<div class=\"brlbs-cmpnt-container brlbs-cmpnt-content-blocker brlbs-cmpnt-with-individual-styles\" data-borlabs-cookie-content-blocker-id=\"google-maps\" data-borlabs-cookie-content=\"PGlmcmFtZSBzdHlsZT0iYm9yZGVyOiAwOyIgc3JjPSJodHRwczovL3d3dy5nb29nbGUuY29tL21hcHMvZW1iZWQ\/cGI9ITFtMTQhMW04ITFtMyExZDEwNDMzLjQ0NTI3MzUwODUwNSEyZDYuODg1Njk2ITNkNDkuMTc0NzMhM20yITFpMTAyNCEyaTc2OCE0ZjEzLjEhM20zITFtMiExczB4NDc5NWIyYmMwMmY5MjFlNSUzQTB4ZDllY2MzZDIwMWM3ZDBiOSEyc0V1cm9kYXRhJTIwU0FTITVlMCEzbTIhMXNkZSEyc2RlITR2MTY4ODcyOTUzMTUzMCE1bTIhMXNkZSEyc2RlIiB3aWR0aD0iMTAwJSIgaGVpZ2h0PSI0NTAiIGFsbG93ZnVsbHNjcmVlbj0iYWxsb3dmdWxsc2NyZWVuIj48L2lmcmFtZT4=\">\n<div class=\"brlbs-cmpnt-cb-preset-b brlbs-cmpnt-cb-google-maps\">\n<div class=\"brlbs-cmpnt-cb-thumbnail\" style=\"background-image: url('https:\/\/www.eurodata-retailsolutions.com\/wp-content\/uploads\/borlabs-cookie\/9\/brlbs-cb-google-maps-main.png')\"><\/div>\n<div class=\"brlbs-cmpnt-cb-main\">\n<div class=\"brlbs-cmpnt-cb-content\">\n<p class=\"brlbs-cmpnt-cb-description\">Vous \u00eates actuellement en train de consulter le contenu d&#8217;un espace r\u00e9serv\u00e9 de <strong>Google Maps<\/strong>. Pour acc\u00e9der au contenu r\u00e9el, cliquez sur le bouton ci-dessous. Veuillez noter que ce faisant, des donn\u00e9es seront partag\u00e9es avec des providers tiers.<\/p>\n<p> <a class=\"brlbs-cmpnt-cb-provider-toggle\" href=\"#\" data-borlabs-cookie-show-provider-information role=\"button\">Plus d&#8217;informations<\/a> <\/div>\n<div class=\"brlbs-cmpnt-cb-buttons\"> <a class=\"brlbs-cmpnt-cb-btn\" href=\"#\" data-borlabs-cookie-unblock role=\"button\">D\u00e9bloquer le contenu<\/a> <a class=\"brlbs-cmpnt-cb-btn\" href=\"#\" data-borlabs-cookie-accept-service role=\"button\" style=\"display: inherit\">Accepter le service requis et d\u00e9bloquer les contenus<\/a> <\/div>\n<\/div>\n<\/div>\n<\/div>\n<\/div><\/div><\/div><\/div><\/div><\/div><\/div><\/section>\n","protected":false},"excerpt":{"rendered":"eurodata\u00a0et edrms Nous r\u00e9pondons pleinement aux besoins des organisations professionnelles du commerce de d\u00e9tail Eurodata\u00a0a con\u00e7u sa suite logicielle,\u00a0edrms\u00a0pour r\u00e9pondre pleinement aux besoins commerciaux des organisations professionnelles de vente au d\u00e9tail, de sites individuels jusqu\u2019aux r\u00e9seaux internationaux de points de vente.\u00a0edrms\u00a0est une puissante suite logicielle de gestion de vente au d\u00e9tail con\u00e7ue et d\u00e9velopp\u00e9e pour...","protected":false},"author":5,"featured_media":0,"parent":0,"menu_order":0,"comment_status":"closed","ping_status":"closed","template":"","meta":{"footnotes":""},"class_list":["post-234","page","type-page","status-publish","hentry"],"_links":{"self":[{"href":"https:\/\/www.eurodata-retailsolutions.com\/fr\/wp-json\/wp\/v2\/pages\/234","targetHints":{"allow":["GET"]}}],"collection":[{"href":"https:\/\/www.eurodata-retailsolutions.com\/fr\/wp-json\/wp\/v2\/pages"}],"about":[{"href":"https:\/\/www.eurodata-retailsolutions.com\/fr\/wp-json\/wp\/v2\/types\/page"}],"author":[{"embeddable":true,"href":"https:\/\/www.eurodata-retailsolutions.com\/fr\/wp-json\/wp\/v2\/users\/5"}],"replies":[{"embeddable":true,"href":"https:\/\/www.eurodata-retailsolutions.com\/fr\/wp-json\/wp\/v2\/comments?post=234"}],"version-history":[{"count":1,"href":"https:\/\/www.eurodata-retailsolutions.com\/fr\/wp-json\/wp\/v2\/pages\/234\/revisions"}],"predecessor-version":[{"id":1101,"href":"https:\/\/www.eurodata-retailsolutions.com\/fr\/wp-json\/wp\/v2\/pages\/234\/revisions\/1101"}],"wp:attachment":[{"href":"https:\/\/www.eurodata-retailsolutions.com\/fr\/wp-json\/wp\/v2\/media?parent=234"}],"curies":[{"name":"wp","href":"https:\/\/api.w.org\/{rel}","templated":true}]}}